{"id":5373,"date":"2024-03-11T12:04:55","date_gmt":"2024-03-11T12:04:55","guid":{"rendered":"https:\/\/hannotomotiv.com\/career\/"},"modified":"2025-06-03T06:55:46","modified_gmt":"2025-06-03T06:55:46","slug":"kariyer","status":"publish","type":"page","link":"https:\/\/hannotomotiv.com\/tr\/kariyer\/","title":{"rendered":"Kariyer"},"content":{"rendered":"\t\t<div data-elementor-type=\"wp-page\" data-elementor-id=\"5373\" class=\"elementor elementor-5373 elementor-612\" data-elementor-post-type=\"page\">\n\t\t\t\t\t\t<section class=\"elementor-section elementor-top-section elementor-element elementor-element-ec1b865 elementor-section-height-min-height elementor-section-boxed elementor-section-height-default elementor-section-items-middle wpr-parallax-no\" data-id=\"ec1b865\" data-element_type=\"section\" data-settings=\"{&quot;background_background&quot;:&quot;classic&quot;}\">\n\t\t\t\t\t\t\t<div class=\"elementor-background-overlay\"><\/div>\n\t\t\t\t\t\t\t<div class=\"elementor-container elementor-column-gap-default\">\n\t\t\t\t\t<div class=\"elementor-column elementor-col-100 elementor-top-column elementor-element elementor-element-acf67c6\" data-id=\"acf67c6\" data-element_type=\"column\">\n\t\t\t<div class=\"elementor-widget-wrap elementor-element-populated\">\n\t\t\t\t\t\t<div class=\"elementor-element elementor-element-37f8b14 elementor-widget elementor-widget-spacer\" data-id=\"37f8b14\" data-element_type=\"widget\" data-widget_type=\"spacer.default\">\n\t\t\t\t<div class=\"elementor-widget-container\">\n\t\t\t\t\t\t\t<div class=\"elementor-spacer\">\n\t\t\t<div class=\"elementor-spacer-inner\"><\/div>\n\t\t<\/div>\n\t\t\t\t\t\t<\/div>\n\t\t\t\t<\/div>\n\t\t\t\t\t<\/div>\n\t\t<\/div>\n\t\t\t\t\t<\/div>\n\t\t<\/section>\n\t\t\t\t<section class=\"elementor-section elementor-top-section elementor-element elementor-element-3fd0b0ec elementor-section-content-middle elementor-section-boxed elementor-section-height-default elementor-section-height-default wpr-parallax-no\" data-id=\"3fd0b0ec\" data-element_type=\"section\">\n\t\t\t\t\t\t<div class=\"elementor-container elementor-column-gap-no\">\n\t\t\t\t\t<div class=\"elementor-column elementor-col-50 elementor-top-column elementor-element elementor-element-246e61ee\" data-id=\"246e61ee\" data-element_type=\"column\">\n\t\t\t<div class=\"elementor-widget-wrap elementor-element-populated\">\n\t\t\t\t\t\t<div class=\"elementor-element elementor-element-e3f5ef3 elementor-widget elementor-widget-image\" data-id=\"e3f5ef3\" data-element_type=\"widget\" data-widget_type=\"image.default\">\n\t\t\t\t<div class=\"elementor-widget-container\">\n\t\t\t\t\t\t\t\t\t\t\t\t\t\t\t<img fetchpriority=\"high\" decoding=\"async\" width=\"2048\" height=\"1365\" src=\"https:\/\/hannotomotiv.com\/wp-content\/uploads\/2025\/05\/MG_9425.jpg\" class=\"attachment-full size-full wp-image-5214\" alt=\"\" srcset=\"https:\/\/hannotomotiv.com\/wp-content\/uploads\/2025\/05\/MG_9425.jpg 2048w, https:\/\/hannotomotiv.com\/wp-content\/uploads\/2025\/05\/MG_9425-300x200.jpg 300w, https:\/\/hannotomotiv.com\/wp-content\/uploads\/2025\/05\/MG_9425-1024x683.jpg 1024w, https:\/\/hannotomotiv.com\/wp-content\/uploads\/2025\/05\/MG_9425-768x512.jpg 768w, https:\/\/hannotomotiv.com\/wp-content\/uploads\/2025\/05\/MG_9425-1536x1024.jpg 1536w, https:\/\/hannotomotiv.com\/wp-content\/uploads\/2025\/05\/MG_9425-600x400.jpg 600w\" sizes=\"(max-width: 2048px) 100vw, 2048px\" \/>\t\t\t\t\t\t\t\t\t\t\t\t\t\t\t<\/div>\n\t\t\t\t<\/div>\n\t\t\t\t\t<\/div>\n\t\t<\/div>\n\t\t\t\t<div class=\"elementor-column elementor-col-50 elementor-top-column elementor-element elementor-element-5d5cd97d\" data-id=\"5d5cd97d\" data-element_type=\"column\">\n\t\t\t<div class=\"elementor-widget-wrap elementor-element-populated\">\n\t\t\t\t\t\t<div class=\"elementor-element elementor-element-1ac05b47 elementor-widget elementor-widget-text-editor\" data-id=\"1ac05b47\" data-element_type=\"widget\" data-widget_type=\"text-editor.default\">\n\t\t\t\t<div class=\"elementor-widget-container\">\n\t\t\t\t\t\t\t\t\t<p><span style=\"font-weight: 400;\">Politikam\u0131z, e\u015fit f\u0131rsat ilkesiyle \u00e7al\u0131\u015fanlar\u0131n performans\u0131n\u0131 objektif \u015fekilde de\u011ferlendirerek de\u011fi\u015fim yaratabilecek yetkin \u00e7al\u0131\u015fanlar\u0131 b\u00fcnyemizde tutmak ve b\u00f6ylece kurumsal geli\u015fimi hedefleyen dinamik bir yap\u0131 olu\u015fturmakt\u0131r.<\/span><\/p><p><span style=\"font-weight: 400;\">Hann\u2019a ad\u0131m att\u0131\u011f\u0131n\u0131z anda; farkl\u0131 olman\u0131n hissedildi\u011fi, stratejik bak\u0131\u015f a\u00e7\u0131s\u0131n\u0131n benimsendi\u011fi, insana de\u011fer veren ve uluslararas\u0131 pazarda pratiklikle d\u00fczeni birle\u015ftirerek s\u00fcrekli b\u00fcy\u00fcyen ba\u015far\u0131l\u0131 bir \u015firkette iyi bir kariyere ba\u015flars\u0131n\u0131z. E\u011fitim, kariyer planlamas\u0131, hedefler ve s\u00fcre\u00e7lerle desteklenen y\u00f6netim modelimiz; y\u00fcksek performans g\u00f6steren ekip arkada\u015flar\u0131m\u0131z\u0131n geli\u015fimini sa\u011flayan Hann\u2019\u0131n vazge\u00e7ilmez yap\u0131 ta\u015f\u0131n\u0131 olu\u015fturur.<\/span><\/p>\t\t\t\t\t\t\t\t<\/div>\n\t\t\t\t<\/div>\n\t\t\t\t\t<\/div>\n\t\t<\/div>\n\t\t\t\t\t<\/div>\n\t\t<\/section>\n\t\t\t\t<section class=\"elementor-section elementor-top-section elementor-element elementor-element-3ffd1d7 elementor-section-boxed elementor-section-height-default elementor-section-height-default wpr-parallax-no\" data-id=\"3ffd1d7\" data-element_type=\"section\">\n\t\t\t\t\t\t<div class=\"elementor-container elementor-column-gap-default\">\n\t\t\t\t\t<div class=\"elementor-column elementor-col-100 elementor-top-column elementor-element elementor-element-384a126\" data-id=\"384a126\" data-element_type=\"column\">\n\t\t\t<div class=\"elementor-widget-wrap elementor-element-populated\">\n\t\t\t\t\t\t<div class=\"elementor-element elementor-element-84c23df elementor-widget elementor-widget-heading\" data-id=\"84c23df\" data-element_type=\"widget\" data-widget_type=\"heading.default\">\n\t\t\t\t<div class=\"elementor-widget-container\">\n\t\t\t\t\t<h2 class=\"elementor-heading-title elementor-size-default\">\u0130\u015f \/ Staj Ba\u015fvuru Formu<\/h2>\t\t\t\t<\/div>\n\t\t\t\t<\/div>\n\t\t\t\t<div class=\"elementor-element elementor-element-922ab28 elementor-widget__width-initial elementor-widget-mobile__width-inherit elementor-button-align-stretch elementor-widget elementor-widget-form\" data-id=\"922ab28\" data-element_type=\"widget\" data-settings=\"{&quot;step_next_label&quot;:&quot;Next&quot;,&quot;step_previous_label&quot;:&quot;Previous&quot;,&quot;button_width&quot;:&quot;100&quot;,&quot;step_type&quot;:&quot;number_text&quot;,&quot;step_icon_shape&quot;:&quot;circle&quot;}\" data-widget_type=\"form.default\">\n\t\t\t\t<div class=\"elementor-widget-container\">\n\t\t\t\t\t\t\t<form class=\"elementor-form\" method=\"post\" name=\"New Form\">\n\t\t\t<input type=\"hidden\" name=\"post_id\" value=\"5373\"\/>\n\t\t\t<input type=\"hidden\" name=\"form_id\" value=\"922ab28\"\/>\n\t\t\t<input type=\"hidden\" name=\"referer_title\" value=\"\" \/>\n\n\t\t\t\n\t\t\t<div class=\"elementor-form-fields-wrapper elementor-labels-\">\n\t\t\t\t\t\t\t\t<div class=\"elementor-field-type-text elementor-field-group elementor-column elementor-field-group-name elementor-col-100\">\n\t\t\t\t\t\t\t\t\t\t\t\t<label for=\"form-field-name\" class=\"elementor-field-label elementor-screen-only\">\n\t\t\t\t\t\t\t\tName\t\t\t\t\t\t\t<\/label>\n\t\t\t\t\t\t\t\t\t\t\t\t\t\t<input size=\"1\" type=\"text\" name=\"form_fields[name]\" id=\"form-field-name\" class=\"elementor-field elementor-size-sm  elementor-field-textual\" placeholder=\"\u0130sim Soyisim\">\n\t\t\t\t\t\t\t\t\t\t\t<\/div>\n\t\t\t\t\t\t\t\t<div class=\"elementor-field-type-tel elementor-field-group elementor-column elementor-field-group-field_0deec6c elementor-col-100\">\n\t\t\t\t\t\t\t\t\t\t\t\t<label for=\"form-field-field_0deec6c\" class=\"elementor-field-label elementor-screen-only\">\n\t\t\t\t\t\t\t\tPhone\t\t\t\t\t\t\t<\/label>\n\t\t\t\t\t\t\t\t<input size=\"1\" type=\"tel\" name=\"form_fields[field_0deec6c]\" id=\"form-field-field_0deec6c\" class=\"elementor-field elementor-size-sm  elementor-field-textual\" placeholder=\"Telefon\" pattern=\"[0-9()#&amp;+*-=.]+\" title=\"Only numbers and phone characters (#, -, *, etc) are accepted.\">\n\n\t\t\t\t\t\t<\/div>\n\t\t\t\t\t\t\t\t<div class=\"elementor-field-type-select elementor-field-group elementor-column elementor-field-group-field_eb7887c elementor-col-100\">\n\t\t\t\t\t\t\t<div class=\"elementor-field elementor-select-wrapper remove-before \">\n\t\t\t<div class=\"select-caret-down-wrapper\">\n\t\t\t\t<svg aria-hidden=\"true\" class=\"e-font-icon-svg e-eicon-caret-down\" viewBox=\"0 0 571.4 571.4\" xmlns=\"http:\/\/www.w3.org\/2000\/svg\"><path d=\"M571 393Q571 407 561 418L311 668Q300 679 286 679T261 668L11 418Q0 407 0 393T11 368 36 357H536Q550 357 561 368T571 393Z\"><\/path><\/svg>\t\t\t<\/div>\n\t\t\t<select name=\"form_fields[field_eb7887c]\" id=\"form-field-field_eb7887c\" class=\"elementor-field-textual elementor-size-sm\">\n\t\t\t\t\t\t\t\t\t<option value=\"Bran\u015f Se\u00e7iniz\">Bran\u015f Se\u00e7iniz<\/option>\n\t\t\t\t\t\t\t\t\t<option value=\"Staj\">Staj<\/option>\n\t\t\t\t\t\t\t\t\t<option value=\"\u0130\u015f Ba\u015fvurusu\">\u0130\u015f Ba\u015fvurusu<\/option>\n\t\t\t\t\t\t\t<\/select>\n\t\t<\/div>\n\t\t\t\t\t\t<\/div>\n\t\t\t\t\t\t\t\t<div class=\"elementor-field-type-email elementor-field-group elementor-column elementor-field-group-email elementor-col-100 elementor-field-required\">\n\t\t\t\t\t\t\t\t\t\t\t\t<label for=\"form-field-email\" class=\"elementor-field-label elementor-screen-only\">\n\t\t\t\t\t\t\t\tEmail\t\t\t\t\t\t\t<\/label>\n\t\t\t\t\t\t\t\t\t\t\t\t\t\t<input size=\"1\" type=\"email\" name=\"form_fields[email]\" id=\"form-field-email\" class=\"elementor-field elementor-size-sm  elementor-field-textual\" placeholder=\"Email\" required=\"required\">\n\t\t\t\t\t\t\t\t\t\t\t<\/div>\n\t\t\t\t\t\t\t\t<div class=\"elementor-field-type-textarea elementor-field-group elementor-column elementor-field-group-message elementor-col-100\">\n\t\t\t\t\t\t\t\t\t\t\t\t<label for=\"form-field-message\" class=\"elementor-field-label elementor-screen-only\">\n\t\t\t\t\t\t\t\tMessage\t\t\t\t\t\t\t<\/label>\n\t\t\t\t\t\t<textarea class=\"elementor-field-textual elementor-field  elementor-size-sm\" name=\"form_fields[message]\" id=\"form-field-message\" rows=\"4\" placeholder=\"Mesaj\u0131n\u0131z\"><\/textarea>\t\t\t\t<\/div>\n\t\t\t\t\t\t\t\t<div class=\"elementor-field-type-html elementor-field-group elementor-column elementor-field-group-field_a8af87b elementor-col-100\">\n\t\t\t\t\tCV Y\u00fckleyiniz\t\t\t\t<\/div>\n\t\t\t\t\t\t\t\t<div class=\"elementor-field-type-upload elementor-field-group elementor-column elementor-field-group-field_e2f003b elementor-col-100\">\n\t\t\t\t\t\t\t\t\t\t\t\t<label for=\"form-field-field_e2f003b\" class=\"elementor-field-label elementor-screen-only\">\n\t\t\t\t\t\t\t\tCV\t\t\t\t\t\t\t<\/label>\n\t\t\t\t\t\t\t\t<input type=\"file\" name=\"form_fields[field_e2f003b]\" id=\"form-field-field_e2f003b\" class=\"elementor-field elementor-size-sm  elementor-upload-field\">\n\n\t\t\t\t\t\t<\/div>\n\t\t\t\t\t\t\t\t<div class=\"elementor-field-type-radio elementor-field-group elementor-column elementor-field-group-field_a2629bd elementor-col-100 elementor-field-required\">\n\t\t\t\t\t<div class=\"elementor-field-subgroup  \"><span class=\"elementor-field-option\"><input type=\"radio\" value=\"Hizmet \u015fartlar\u0131n\u0131 okudum ve kabul ediyorum.\" id=\"form-field-field_a2629bd-0\" name=\"form_fields[field_a2629bd]\" required=\"required\"> <label for=\"form-field-field_a2629bd-0\">Hizmet \u015fartlar\u0131n\u0131 okudum ve kabul ediyorum.<\/label><\/span><\/div>\t\t\t\t<\/div>\n\t\t\t\t\t\t\t\t<div class=\"elementor-field-group elementor-column elementor-field-type-submit elementor-col-100 e-form__buttons\">\n\t\t\t\t\t<button class=\"elementor-button elementor-size-sm\" type=\"submit\">\n\t\t\t\t\t\t<span class=\"elementor-button-content-wrapper\">\n\t\t\t\t\t\t\t\t\t\t\t\t\t\t\t\t\t\t\t\t\t\t<span class=\"elementor-button-text\">G\u00f6nder<\/span>\n\t\t\t\t\t\t\t\t\t\t\t\t\t<\/span>\n\t\t\t\t\t<\/button>\n\t\t\t\t<\/div>\n\t\t\t<\/div>\n\t\t<\/form>\n\t\t\t\t\t\t<\/div>\n\t\t\t\t<\/div>\n\t\t\t\t\t<\/div>\n\t\t<\/div>\n\t\t\t\t\t<\/div>\n\t\t<\/section>\n\t\t\t\t<\/div>\n\t\t","protected":false},"excerpt":{"rendered":"<p>Politikam\u0131z, e\u015fit f\u0131rsat ilkesiyle \u00e7al\u0131\u015fanlar\u0131n performans\u0131n\u0131 objektif \u015fekilde de\u011ferlendirerek de\u011fi\u015fim yaratabilecek yetkin \u00e7al\u0131\u015fanlar\u0131 b\u00fcnyemizde tutmak ve b\u00f6ylece kurumsal geli\u015fimi hedefleyen dinamik bir yap\u0131 olu\u015fturmakt\u0131r. Hann\u2019a ad\u0131m att\u0131\u011f\u0131n\u0131z anda; farkl\u0131 olman\u0131n hissedildi\u011fi, stratejik bak\u0131\u015f a\u00e7\u0131s\u0131n\u0131n benimsendi\u011fi, insana de\u011fer veren ve uluslararas\u0131 pazarda pratiklikle d\u00fczeni birle\u015ftirerek s\u00fcrekli b\u00fcy\u00fcyen ba\u015far\u0131l\u0131 bir \u015firkette iyi bir kariyere ba\u015flars\u0131n\u0131z. E\u011fitim, kariyer planlamas\u0131, hedefler ve s\u00fcre\u00e7lerle desteklenen y\u00f6netim modelimiz; y\u00fcksek performans g\u00f6steren ekip arkada\u015flar\u0131m\u0131z\u0131n geli\u015fimini sa\u011flayan Hann\u2019\u0131n vazge\u00e7ilmez yap\u0131 ta\u015f\u0131n\u0131 olu\u015fturur. \u0130\u015f \/ Staj Ba\u015fvuru Formu<\/p>\n","protected":false},"author":1,"featured_media":0,"parent":0,"menu_order":0,"comment_status":"closed","ping_status":"closed","template":"","meta":{"_acf_changed":false,"footnotes":""},"class_list":["post-5373","page","type-page","status-publish","hentry"],"acf":[],"_links":{"self":[{"href":"https:\/\/hannotomotiv.com\/tr\/wp-json\/wp\/v2\/pages\/5373","targetHints":{"allow":["GET"]}}],"collection":[{"href":"https:\/\/hannotomotiv.com\/tr\/wp-json\/wp\/v2\/pages"}],"about":[{"href":"https:\/\/hannotomotiv.com\/tr\/wp-json\/wp\/v2\/types\/page"}],"author":[{"embeddable":true,"href":"https:\/\/hannotomotiv.com\/tr\/wp-json\/wp\/v2\/users\/1"}],"replies":[{"embeddable":true,"href":"https:\/\/hannotomotiv.com\/tr\/wp-json\/wp\/v2\/comments?post=5373"}],"version-history":[{"count":4,"href":"https:\/\/hannotomotiv.com\/tr\/wp-json\/wp\/v2\/pages\/5373\/revisions"}],"predecessor-version":[{"id":5377,"href":"https:\/\/hannotomotiv.com\/tr\/wp-json\/wp\/v2\/pages\/5373\/revisions\/5377"}],"wp:attachment":[{"href":"https:\/\/hannotomotiv.com\/tr\/wp-json\/wp\/v2\/media?parent=5373"}],"curies":[{"name":"wp","href":"https:\/\/api.w.org\/{rel}","templated":true}]}}