{"id":5366,"date":"2024-06-14T12:38:14","date_gmt":"2024-06-14T12:38:14","guid":{"rendered":"https:\/\/hannotomotiv.com\/press\/"},"modified":"2025-06-03T06:53:15","modified_gmt":"2025-06-03T06:53:15","slug":"basin","status":"publish","type":"page","link":"https:\/\/hannotomotiv.com\/tr\/basin\/","title":{"rendered":"Bas\u0131n"},"content":{"rendered":"\t\t<div data-elementor-type=\"wp-page\" data-elementor-id=\"5366\" class=\"elementor elementor-5366 elementor-4504\" data-elementor-post-type=\"page\">\n\t\t\t\t\t\t<section class=\"elementor-section elementor-top-section elementor-element elementor-element-ec1b865 elementor-section-height-min-height elementor-section-boxed elementor-section-height-default elementor-section-items-middle wpr-parallax-no\" data-id=\"ec1b865\" data-element_type=\"section\" data-settings=\"{&quot;background_background&quot;:&quot;classic&quot;}\">\n\t\t\t\t\t\t\t<div class=\"elementor-background-overlay\"><\/div>\n\t\t\t\t\t\t\t<div class=\"elementor-container elementor-column-gap-default\">\n\t\t\t\t\t<div class=\"elementor-column elementor-col-100 elementor-top-column elementor-element elementor-element-acf67c6\" data-id=\"acf67c6\" data-element_type=\"column\">\n\t\t\t<div class=\"elementor-widget-wrap\">\n\t\t\t\t\t\t\t<\/div>\n\t\t<\/div>\n\t\t\t\t\t<\/div>\n\t\t<\/section>\n\t\t\t\t<section class=\"elementor-section elementor-top-section elementor-element elementor-element-ce1293d elementor-section-boxed elementor-section-height-default elementor-section-height-default wpr-parallax-no\" data-id=\"ce1293d\" data-element_type=\"section\">\n\t\t\t\t\t\t<div class=\"elementor-container elementor-column-gap-default\">\n\t\t\t\t\t<div class=\"elementor-column elementor-col-100 elementor-top-column elementor-element elementor-element-ef178e8\" data-id=\"ef178e8\" data-element_type=\"column\">\n\t\t\t<div class=\"elementor-widget-wrap elementor-element-populated\">\n\t\t\t\t\t\t\t<\/div>\n\t\t<\/div>\n\t\t\t\t\t<\/div>\n\t\t<\/section>\n\t\t\t\t<section class=\"elementor-section elementor-top-section elementor-element elementor-element-d44773b elementor-section-boxed elementor-section-height-default elementor-section-height-default wpr-parallax-no\" data-id=\"d44773b\" data-element_type=\"section\">\n\t\t\t\t\t\t<div class=\"elementor-container elementor-column-gap-default\">\n\t\t\t\t\t<div class=\"elementor-column elementor-col-100 elementor-top-column elementor-element elementor-element-7642915\" data-id=\"7642915\" data-element_type=\"column\" data-settings=\"{&quot;background_background&quot;:&quot;classic&quot;}\">\n\t\t\t<div class=\"elementor-widget-wrap elementor-element-populated\">\n\t\t\t\t\t\t<section class=\"elementor-section elementor-inner-section elementor-element elementor-element-bed7701 elementor-section-boxed elementor-section-height-default elementor-section-height-default wpr-parallax-no\" data-id=\"bed7701\" data-element_type=\"section\">\n\t\t\t\t\t\t<div class=\"elementor-container elementor-column-gap-default\">\n\t\t\t\t\t<div class=\"elementor-column elementor-col-50 elementor-inner-column elementor-element elementor-element-f1c98ef\" data-id=\"f1c98ef\" data-element_type=\"column\">\n\t\t\t<div class=\"elementor-widget-wrap elementor-element-populated\">\n\t\t\t\t\t\t<div class=\"elementor-element elementor-element-0007e77 elementor-widget elementor-widget-image\" data-id=\"0007e77\" data-element_type=\"widget\" data-widget_type=\"image.default\">\n\t\t\t\t<div class=\"elementor-widget-container\">\n\t\t\t\t\t\t\t\t\t\t\t\t\t\t\t\t<a href=\"https:\/\/hannotomotiv.com\/wp-content\/uploads\/2024\/06\/HANN-Otomotiv-Sekto\u0308re-I\u0307ddiali-Girdi.pdf\">\n\t\t\t\t\t\t\t<img fetchpriority=\"high\" decoding=\"async\" width=\"888\" height=\"635\" src=\"https:\/\/hannotomotiv.com\/wp-content\/uploads\/2024\/06\/Ekran-Resmi-2024-06-14-15.44.16.png\" class=\"elementor-animation-grow attachment-full size-full wp-image-5192\" alt=\"\" srcset=\"https:\/\/hannotomotiv.com\/wp-content\/uploads\/2024\/06\/Ekran-Resmi-2024-06-14-15.44.16.png 888w, https:\/\/hannotomotiv.com\/wp-content\/uploads\/2024\/06\/Ekran-Resmi-2024-06-14-15.44.16-300x215.png 300w, https:\/\/hannotomotiv.com\/wp-content\/uploads\/2024\/06\/Ekran-Resmi-2024-06-14-15.44.16-768x549.png 768w, https:\/\/hannotomotiv.com\/wp-content\/uploads\/2024\/06\/Ekran-Resmi-2024-06-14-15.44.16-600x429.png 600w\" sizes=\"(max-width: 888px) 100vw, 888px\" \/>\t\t\t\t\t\t\t\t<\/a>\n\t\t\t\t\t\t\t\t\t\t\t\t\t\t\t<\/div>\n\t\t\t\t<\/div>\n\t\t\t\t\t<\/div>\n\t\t<\/div>\n\t\t\t\t<div class=\"elementor-column elementor-col-50 elementor-inner-column elementor-element elementor-element-db978a7\" data-id=\"db978a7\" data-element_type=\"column\">\n\t\t\t<div class=\"elementor-widget-wrap elementor-element-populated\">\n\t\t\t\t\t\t<div class=\"elementor-element elementor-element-ea4caf0 elementor-widget elementor-widget-heading\" data-id=\"ea4caf0\" data-element_type=\"widget\" data-widget_type=\"heading.default\">\n\t\t\t\t<div class=\"elementor-widget-container\">\n\t\t\t\t\t<h2 class=\"elementor-heading-title elementor-size-default\">HANN Otomotiv Sekt\u00f6re \u0130ddial\u0131 Girdi<\/h2>\t\t\t\t<\/div>\n\t\t\t\t<\/div>\n\t\t\t\t<div class=\"elementor-element elementor-element-442836a elementor-widget elementor-widget-text-editor\" data-id=\"442836a\" data-element_type=\"widget\" data-widget_type=\"text-editor.default\">\n\t\t\t\t<div class=\"elementor-widget-container\">\n\t\t\t\t\t\t\t\t\t<p>Sat\u0131\u015f, pazarlama ve da\u011f\u0131t\u0131m a\u011f\u0131nda geni\u015f \u00fcr\u00fcn \u00e7e\u015fitlili\u011fi ve kaliteli hizmet anlay\u0131\u015f\u0131yla Bursa\u2019da faaliyete ba\u015flayan HANN Otomotiv, d\u00fcnya pazar\u0131nda yerini alma hedefiyle \u00e7\u0131kt\u0131\u011f\u0131 yolda, yan sanayi sekt\u00f6r\u00fcne yepyeni bir soluk getirmeye haz\u0131rlan\u0131yor.<\/p>\t\t\t\t\t\t\t\t<\/div>\n\t\t\t\t<\/div>\n\t\t\t\t<div class=\"elementor-element elementor-element-b94e6cb elementor-widget elementor-widget-button\" data-id=\"b94e6cb\" data-element_type=\"widget\" data-widget_type=\"button.default\">\n\t\t\t\t<div class=\"elementor-widget-container\">\n\t\t\t\t\t\t\t\t\t<div class=\"elementor-button-wrapper\">\n\t\t\t\t\t<a class=\"elementor-button elementor-button-link elementor-size-sm\" href=\"https:\/\/hannotomotiv.com\/wp-content\/uploads\/2024\/06\/HANN-Otomotiv-Sekto%CC%88re-I%CC%87ddiali-Girdi.pdf\">\n\t\t\t\t\t\t<span class=\"elementor-button-content-wrapper\">\n\t\t\t\t\t\t\t\t\t<span class=\"elementor-button-text\">Devam\u0131n\u0131 Oku<\/span>\n\t\t\t\t\t<\/span>\n\t\t\t\t\t<\/a>\n\t\t\t\t<\/div>\n\t\t\t\t\t\t\t\t<\/div>\n\t\t\t\t<\/div>\n\t\t\t\t\t<\/div>\n\t\t<\/div>\n\t\t\t\t\t<\/div>\n\t\t<\/section>\n\t\t\t\t\t<\/div>\n\t\t<\/div>\n\t\t\t\t\t<\/div>\n\t\t<\/section>\n\t\t\t\t<section class=\"elementor-section elementor-top-section elementor-element elementor-element-6556c3f elementor-section-boxed elementor-section-height-default elementor-section-height-default wpr-parallax-no\" data-id=\"6556c3f\" data-element_type=\"section\">\n\t\t\t\t\t\t<div class=\"elementor-container elementor-column-gap-default\">\n\t\t\t\t\t<div class=\"elementor-column elementor-col-100 elementor-top-column elementor-element elementor-element-960aea8\" data-id=\"960aea8\" data-element_type=\"column\" data-settings=\"{&quot;background_background&quot;:&quot;classic&quot;}\">\n\t\t\t<div class=\"elementor-widget-wrap elementor-element-populated\">\n\t\t\t\t\t\t<section class=\"elementor-section elementor-inner-section elementor-element elementor-element-0a0e31f elementor-reverse-mobile elementor-section-boxed elementor-section-height-default elementor-section-height-default wpr-parallax-no\" data-id=\"0a0e31f\" data-element_type=\"section\">\n\t\t\t\t\t\t<div class=\"elementor-container elementor-column-gap-default\">\n\t\t\t\t\t<div class=\"elementor-column elementor-col-50 elementor-inner-column elementor-element elementor-element-54c4f99\" data-id=\"54c4f99\" data-element_type=\"column\">\n\t\t\t<div class=\"elementor-widget-wrap elementor-element-populated\">\n\t\t\t\t\t\t<div class=\"elementor-element elementor-element-f823d5e elementor-widget elementor-widget-heading\" data-id=\"f823d5e\" data-element_type=\"widget\" data-widget_type=\"heading.default\">\n\t\t\t\t<div class=\"elementor-widget-container\">\n\t\t\t\t\t<h2 class=\"elementor-heading-title elementor-size-default\">Yedek Par\u00e7a Sekt\u00f6r\u00fcnde Yeni Oyuncu: <br>HANN Otomotiv<\/h2>\t\t\t\t<\/div>\n\t\t\t\t<\/div>\n\t\t\t\t<div class=\"elementor-element elementor-element-b76fd0f elementor-widget elementor-widget-text-editor\" data-id=\"b76fd0f\" data-element_type=\"widget\" data-widget_type=\"text-editor.default\">\n\t\t\t\t<div class=\"elementor-widget-container\">\n\t\t\t\t\t\t\t\t\tA\u011f\u0131r vas\u0131ta yedek par\u00e7a sanayisinde faaliyet g\u00f6steren HANN\u2019\u0131n \u00fcr\u00fcn yelpazesinde; direksiyon ve s\u00fcspansiyon sistemi dedi\u011fimiz Rot-Rotil-\u00c7eki kollar\u0131 ile hava s\u00fcspansiyon k\u00f6r\u00fckleri, debriyaj sistemleri, \u00e7amurluk, amortis\u00f6r ve hava hortumlar\u0131 bulunmaktad\u0131r. Rot grubunda Dipar, k\u00f6r\u00fcklerde Airmotion, debriyaj sistemlerinde Storm, amortis\u00f6rde Expert ve Maysan Mando markalar\u0131n\u0131 m\u00fc\u015fterilerimizle bulu\u015fturuyoruz.\n\t\t\t\t\t\t\t\t<\/div>\n\t\t\t\t<\/div>\n\t\t\t\t<div class=\"elementor-element elementor-element-b4d8b5f elementor-widget elementor-widget-button\" data-id=\"b4d8b5f\" data-element_type=\"widget\" data-widget_type=\"button.default\">\n\t\t\t\t<div class=\"elementor-widget-container\">\n\t\t\t\t\t\t\t\t\t<div class=\"elementor-button-wrapper\">\n\t\t\t\t\t<a class=\"elementor-button elementor-button-link elementor-size-sm\" href=\"https:\/\/hannotomotiv.com\/wp-content\/uploads\/2024\/06\/Yedek-Parc\u0327a-Sekto\u0308ru\u0308nde-Yeni-Oyuncu.pdf\">\n\t\t\t\t\t\t<span class=\"elementor-button-content-wrapper\">\n\t\t\t\t\t\t\t\t\t<span class=\"elementor-button-text\">Devam\u0131n\u0131 Oku<\/span>\n\t\t\t\t\t<\/span>\n\t\t\t\t\t<\/a>\n\t\t\t\t<\/div>\n\t\t\t\t\t\t\t\t<\/div>\n\t\t\t\t<\/div>\n\t\t\t\t\t<\/div>\n\t\t<\/div>\n\t\t\t\t<div class=\"elementor-column elementor-col-50 elementor-inner-column elementor-element elementor-element-fe86def\" data-id=\"fe86def\" data-element_type=\"column\">\n\t\t\t<div class=\"elementor-widget-wrap elementor-element-populated\">\n\t\t\t\t\t\t<div class=\"elementor-element elementor-element-b3a4dd8 elementor-widget elementor-widget-image\" data-id=\"b3a4dd8\" data-element_type=\"widget\" data-widget_type=\"image.default\">\n\t\t\t\t<div class=\"elementor-widget-container\">\n\t\t\t\t\t\t\t\t\t\t\t\t\t\t\t\t<a href=\"https:\/\/hannotomotiv.com\/wp-content\/uploads\/2024\/06\/Yedek-Parc\u0327a-Sekto\u0308ru\u0308nde-Yeni-Oyuncu.pdf\">\n\t\t\t\t\t\t\t<img decoding=\"async\" width=\"800\" height=\"572\" src=\"https:\/\/hannotomotiv.com\/wp-content\/uploads\/2024\/06\/Ekran-Resmi-2024-06-14-15.43.29.png\" class=\"elementor-animation-grow attachment-large size-large wp-image-5191\" alt=\"\" srcset=\"https:\/\/hannotomotiv.com\/wp-content\/uploads\/2024\/06\/Ekran-Resmi-2024-06-14-15.43.29.png 888w, https:\/\/hannotomotiv.com\/wp-content\/uploads\/2024\/06\/Ekran-Resmi-2024-06-14-15.43.29-300x215.png 300w, https:\/\/hannotomotiv.com\/wp-content\/uploads\/2024\/06\/Ekran-Resmi-2024-06-14-15.43.29-768x549.png 768w, https:\/\/hannotomotiv.com\/wp-content\/uploads\/2024\/06\/Ekran-Resmi-2024-06-14-15.43.29-600x429.png 600w\" sizes=\"(max-width: 800px) 100vw, 800px\" \/>\t\t\t\t\t\t\t\t<\/a>\n\t\t\t\t\t\t\t\t\t\t\t\t\t\t\t<\/div>\n\t\t\t\t<\/div>\n\t\t\t\t\t<\/div>\n\t\t<\/div>\n\t\t\t\t\t<\/div>\n\t\t<\/section>\n\t\t\t\t\t<\/div>\n\t\t<\/div>\n\t\t\t\t\t<\/div>\n\t\t<\/section>\n\t\t\t\t<section class=\"elementor-section elementor-top-section elementor-element elementor-element-1ede01b elementor-section-boxed elementor-section-height-default elementor-section-height-default wpr-parallax-no\" data-id=\"1ede01b\" data-element_type=\"section\">\n\t\t\t\t\t\t<div class=\"elementor-container elementor-column-gap-default\">\n\t\t\t\t\t<div class=\"elementor-column elementor-col-100 elementor-top-column elementor-element elementor-element-1fe1f14\" data-id=\"1fe1f14\" data-element_type=\"column\" data-settings=\"{&quot;background_background&quot;:&quot;classic&quot;}\">\n\t\t\t<div class=\"elementor-widget-wrap elementor-element-populated\">\n\t\t\t\t\t\t<section class=\"elementor-section elementor-inner-section elementor-element elementor-element-febe3ff elementor-section-boxed elementor-section-height-default elementor-section-height-default wpr-parallax-no\" data-id=\"febe3ff\" data-element_type=\"section\">\n\t\t\t\t\t\t<div class=\"elementor-container elementor-column-gap-default\">\n\t\t\t\t\t<div class=\"elementor-column elementor-col-50 elementor-inner-column elementor-element elementor-element-60ce0f0\" data-id=\"60ce0f0\" data-element_type=\"column\">\n\t\t\t<div class=\"elementor-widget-wrap elementor-element-populated\">\n\t\t\t\t\t\t<div class=\"elementor-element elementor-element-36b775b elementor-widget elementor-widget-image\" data-id=\"36b775b\" data-element_type=\"widget\" data-widget_type=\"image.default\">\n\t\t\t\t<div class=\"elementor-widget-container\">\n\t\t\t\t\t\t\t\t\t\t\t\t\t\t\t\t<a href=\"https:\/\/hannotomotiv.com\/wp-content\/uploads\/2024\/06\/HANN-Sekto\u0308re-I\u0307ddiali-Girdi.pdf\">\n\t\t\t\t\t\t\t<img decoding=\"async\" width=\"800\" height=\"572\" src=\"https:\/\/hannotomotiv.com\/wp-content\/uploads\/2024\/06\/Ekran-Resmi-2024-06-14-15.46.03.png\" class=\"elementor-animation-grow attachment-large size-large wp-image-5193\" alt=\"\" srcset=\"https:\/\/hannotomotiv.com\/wp-content\/uploads\/2024\/06\/Ekran-Resmi-2024-06-14-15.46.03.png 888w, https:\/\/hannotomotiv.com\/wp-content\/uploads\/2024\/06\/Ekran-Resmi-2024-06-14-15.46.03-300x215.png 300w, https:\/\/hannotomotiv.com\/wp-content\/uploads\/2024\/06\/Ekran-Resmi-2024-06-14-15.46.03-768x549.png 768w, https:\/\/hannotomotiv.com\/wp-content\/uploads\/2024\/06\/Ekran-Resmi-2024-06-14-15.46.03-600x429.png 600w\" sizes=\"(max-width: 800px) 100vw, 800px\" \/>\t\t\t\t\t\t\t\t<\/a>\n\t\t\t\t\t\t\t\t\t\t\t\t\t\t\t<\/div>\n\t\t\t\t<\/div>\n\t\t\t\t\t<\/div>\n\t\t<\/div>\n\t\t\t\t<div class=\"elementor-column elementor-col-50 elementor-inner-column elementor-element elementor-element-b3d8d99\" data-id=\"b3d8d99\" data-element_type=\"column\">\n\t\t\t<div class=\"elementor-widget-wrap elementor-element-populated\">\n\t\t\t\t\t\t<div class=\"elementor-element elementor-element-d00e68b elementor-widget elementor-widget-heading\" data-id=\"d00e68b\" data-element_type=\"widget\" data-widget_type=\"heading.default\">\n\t\t\t\t<div class=\"elementor-widget-container\">\n\t\t\t\t\t<h2 class=\"elementor-heading-title elementor-size-default\">HANN Otomotiv Sekt\u00f6re \u0130ddial\u0131 Girdi<\/h2>\t\t\t\t<\/div>\n\t\t\t\t<\/div>\n\t\t\t\t<div class=\"elementor-element elementor-element-9263b92 elementor-widget elementor-widget-text-editor\" data-id=\"9263b92\" data-element_type=\"widget\" data-widget_type=\"text-editor.default\">\n\t\t\t\t<div class=\"elementor-widget-container\">\n\t\t\t\t\t\t\t\t\t<p>Sat\u0131\u015f, pazarlama ve da\u011f\u0131t\u0131m a\u011f\u0131nda geni\u015f \u00fcr\u00fcn \u00e7e\u015fitlili\u011fi ve kaliteli hizmet anlay\u0131\u015f\u0131yla Bursa\u2019da faaliyete ba\u015flayan HANN Otomotiv, d\u00fcnya pazar\u0131nda yerini alma hedefiyle \u00e7\u0131kt\u0131\u011f\u0131 yolda, yan sanayi sekt\u00f6r\u00fcne yepyeni bir soluk getirmeye haz\u0131rlan\u0131yor&#8230;<\/p>\t\t\t\t\t\t\t\t<\/div>\n\t\t\t\t<\/div>\n\t\t\t\t<div class=\"elementor-element elementor-element-c590b70 elementor-widget elementor-widget-button\" data-id=\"c590b70\" data-element_type=\"widget\" data-widget_type=\"button.default\">\n\t\t\t\t<div class=\"elementor-widget-container\">\n\t\t\t\t\t\t\t\t\t<div class=\"elementor-button-wrapper\">\n\t\t\t\t\t<a class=\"elementor-button elementor-button-link elementor-size-sm\" href=\"https:\/\/hannotomotiv.com\/wp-content\/uploads\/2024\/06\/HANN-Sekto\u0308re-I\u0307ddiali-Girdi.pdf\">\n\t\t\t\t\t\t<span class=\"elementor-button-content-wrapper\">\n\t\t\t\t\t\t\t\t\t<span class=\"elementor-button-text\">Devam\u0131n\u0131 Oku<\/span>\n\t\t\t\t\t<\/span>\n\t\t\t\t\t<\/a>\n\t\t\t\t<\/div>\n\t\t\t\t\t\t\t\t<\/div>\n\t\t\t\t<\/div>\n\t\t\t\t\t<\/div>\n\t\t<\/div>\n\t\t\t\t\t<\/div>\n\t\t<\/section>\n\t\t\t\t\t<\/div>\n\t\t<\/div>\n\t\t\t\t\t<\/div>\n\t\t<\/section>\n\t\t\t\t<section class=\"elementor-section elementor-top-section elementor-element elementor-element-7788931 elementor-section-boxed elementor-section-height-default elementor-section-height-default wpr-parallax-no\" data-id=\"7788931\" data-element_type=\"section\">\n\t\t\t\t\t\t<div class=\"elementor-container elementor-column-gap-default\">\n\t\t\t\t\t<div class=\"elementor-column elementor-col-100 elementor-top-column elementor-element elementor-element-7ce2cce\" data-id=\"7ce2cce\" data-element_type=\"column\" data-settings=\"{&quot;background_background&quot;:&quot;classic&quot;}\">\n\t\t\t<div class=\"elementor-widget-wrap elementor-element-populated\">\n\t\t\t\t\t\t<section class=\"elementor-section elementor-inner-section elementor-element elementor-element-69bdfcc elementor-reverse-mobile elementor-section-boxed elementor-section-height-default elementor-section-height-default wpr-parallax-no\" data-id=\"69bdfcc\" data-element_type=\"section\">\n\t\t\t\t\t\t<div class=\"elementor-container elementor-column-gap-default\">\n\t\t\t\t\t<div class=\"elementor-column elementor-col-50 elementor-inner-column elementor-element elementor-element-b2d0834\" data-id=\"b2d0834\" data-element_type=\"column\">\n\t\t\t<div class=\"elementor-widget-wrap elementor-element-populated\">\n\t\t\t\t\t\t<div class=\"elementor-element elementor-element-ff5fb14 elementor-widget elementor-widget-heading\" data-id=\"ff5fb14\" data-element_type=\"widget\" data-widget_type=\"heading.default\">\n\t\t\t\t<div class=\"elementor-widget-container\">\n\t\t\t\t\t<h2 class=\"elementor-heading-title elementor-size-default\">HAN OTOMOT\u0130V A.\u015e. OTOMOT\u0130V YAN SANAY\u0130 SEKT\u00d6R\u00dcNE \u0130LK ADIMI ATTI.<\/h2>\t\t\t\t<\/div>\n\t\t\t\t<\/div>\n\t\t\t\t<div class=\"elementor-element elementor-element-a411022 elementor-widget elementor-widget-text-editor\" data-id=\"a411022\" data-element_type=\"widget\" data-widget_type=\"text-editor.default\">\n\t\t\t\t<div class=\"elementor-widget-container\">\n\t\t\t\t\t\t\t\t\tSat\u0131\u015f, da\u011f\u0131t\u0131m ve pazarlama a\u011f\u0131 olarak geni\u015f bir yelpazede d\u00fcnya pazarlar\u0131nda yerini almak \u00fczere otomotiv yan sanayi sekt\u00f6r\u00fcnde 27.09.2013 tarihinde Han Otomotiv A.\u015e. sekt\u00f6re ilk ad\u0131m\u0131n\u0131 att\u0131.\n\t\t\t\t\t\t\t\t<\/div>\n\t\t\t\t<\/div>\n\t\t\t\t<div class=\"elementor-element elementor-element-d03c5f1 elementor-widget elementor-widget-button\" data-id=\"d03c5f1\" data-element_type=\"widget\" data-widget_type=\"button.default\">\n\t\t\t\t<div class=\"elementor-widget-container\">\n\t\t\t\t\t\t\t\t\t<div class=\"elementor-button-wrapper\">\n\t\t\t\t\t<a class=\"elementor-button elementor-button-link elementor-size-sm\" href=\"https:\/\/hannotomotiv.com\/wp-content\/uploads\/2024\/06\/Yan-Sanayi-Sekto\u0308ru\u0308ne-I\u0307lk-Adim-Atildi.pdf\">\n\t\t\t\t\t\t<span class=\"elementor-button-content-wrapper\">\n\t\t\t\t\t\t\t\t\t<span class=\"elementor-button-text\">Devam\u0131n\u0131 Oku<\/span>\n\t\t\t\t\t<\/span>\n\t\t\t\t\t<\/a>\n\t\t\t\t<\/div>\n\t\t\t\t\t\t\t\t<\/div>\n\t\t\t\t<\/div>\n\t\t\t\t\t<\/div>\n\t\t<\/div>\n\t\t\t\t<div class=\"elementor-column elementor-col-50 elementor-inner-column elementor-element elementor-element-c5e74c4\" data-id=\"c5e74c4\" data-element_type=\"column\">\n\t\t\t<div class=\"elementor-widget-wrap elementor-element-populated\">\n\t\t\t\t\t\t<div class=\"elementor-element elementor-element-d151eac elementor-widget elementor-widget-image\" data-id=\"d151eac\" data-element_type=\"widget\" data-widget_type=\"image.default\">\n\t\t\t\t<div class=\"elementor-widget-container\">\n\t\t\t\t\t\t\t\t\t\t\t\t\t\t\t\t<a href=\"https:\/\/hannotomotiv.com\/wp-content\/uploads\/2024\/06\/Yan-Sanayi-Sekto\u0308ru\u0308ne-I\u0307lk-Adim-Atildi.pdf\">\n\t\t\t\t\t\t\t<img loading=\"lazy\" decoding=\"async\" width=\"800\" height=\"572\" src=\"https:\/\/hannotomotiv.com\/wp-content\/uploads\/2024\/06\/Ekran-Resmi-2024-06-14-15.46.43.png\" class=\"elementor-animation-grow attachment-large size-large wp-image-5194\" alt=\"\" srcset=\"https:\/\/hannotomotiv.com\/wp-content\/uploads\/2024\/06\/Ekran-Resmi-2024-06-14-15.46.43.png 888w, https:\/\/hannotomotiv.com\/wp-content\/uploads\/2024\/06\/Ekran-Resmi-2024-06-14-15.46.43-300x215.png 300w, https:\/\/hannotomotiv.com\/wp-content\/uploads\/2024\/06\/Ekran-Resmi-2024-06-14-15.46.43-768x549.png 768w, https:\/\/hannotomotiv.com\/wp-content\/uploads\/2024\/06\/Ekran-Resmi-2024-06-14-15.46.43-600x429.png 600w\" sizes=\"(max-width: 800px) 100vw, 800px\" \/>\t\t\t\t\t\t\t\t<\/a>\n\t\t\t\t\t\t\t\t\t\t\t\t\t\t\t<\/div>\n\t\t\t\t<\/div>\n\t\t\t\t\t<\/div>\n\t\t<\/div>\n\t\t\t\t\t<\/div>\n\t\t<\/section>\n\t\t\t\t\t<\/div>\n\t\t<\/div>\n\t\t\t\t\t<\/div>\n\t\t<\/section>\n\t\t\t\t<\/div>\n\t\t","protected":false},"excerpt":{"rendered":"<p>HANN Otomotiv Sekt\u00f6re \u0130ddial\u0131 Girdi Sat\u0131\u015f, pazarlama ve da\u011f\u0131t\u0131m a\u011f\u0131nda geni\u015f \u00fcr\u00fcn \u00e7e\u015fitlili\u011fi ve kaliteli hizmet anlay\u0131\u015f\u0131yla Bursa\u2019da faaliyete ba\u015flayan HANN Otomotiv, d\u00fcnya pazar\u0131nda yerini alma hedefiyle \u00e7\u0131kt\u0131\u011f\u0131 yolda, yan sanayi sekt\u00f6r\u00fcne yepyeni bir soluk getirmeye haz\u0131rlan\u0131yor. Devam\u0131n\u0131 Oku Yedek Par\u00e7a Sekt\u00f6r\u00fcnde Yeni Oyuncu: HANN Otomotiv A\u011f\u0131r vas\u0131ta yedek par\u00e7a sanayisinde faaliyet g\u00f6steren HANN\u2019\u0131n \u00fcr\u00fcn yelpazesinde; direksiyon ve s\u00fcspansiyon sistemi dedi\u011fimiz Rot-Rotil-\u00c7eki kollar\u0131 ile hava s\u00fcspansiyon k\u00f6r\u00fckleri, debriyaj sistemleri, \u00e7amurluk, amortis\u00f6r ve hava hortumlar\u0131 bulunmaktad\u0131r. Rot grubunda Dipar, k\u00f6r\u00fcklerde Airmotion, debriyaj sistemlerinde Storm, amortis\u00f6rde Expert ve Maysan Mando markalar\u0131n\u0131 m\u00fc\u015fterilerimizle bulu\u015fturuyoruz. Devam\u0131n\u0131 Oku HANN Otomotiv Sekt\u00f6re \u0130ddial\u0131 Girdi Sat\u0131\u015f, pazarlama ve da\u011f\u0131t\u0131m a\u011f\u0131nda geni\u015f \u00fcr\u00fcn \u00e7e\u015fitlili\u011fi ve kaliteli hizmet anlay\u0131\u015f\u0131yla Bursa\u2019da faaliyete ba\u015flayan HANN Otomotiv, d\u00fcnya pazar\u0131nda yerini alma hedefiyle \u00e7\u0131kt\u0131\u011f\u0131 yolda, yan sanayi sekt\u00f6r\u00fcne yepyeni bir soluk getirmeye haz\u0131rlan\u0131yor&#8230; Devam\u0131n\u0131 Oku HAN OTOMOT\u0130V A.\u015e. OTOMOT\u0130V YAN SANAY\u0130 SEKT\u00d6R\u00dcNE \u0130LK ADIMI ATTI. Sat\u0131\u015f, da\u011f\u0131t\u0131m ve pazarlama a\u011f\u0131 olarak geni\u015f bir yelpazede d\u00fcnya pazarlar\u0131nda yerini almak \u00fczere otomotiv yan sanayi sekt\u00f6r\u00fcnde 27.09.2013 tarihinde Han Otomotiv A.\u015e. sekt\u00f6re ilk ad\u0131m\u0131n\u0131 att\u0131. Devam\u0131n\u0131 Oku<\/p>\n","protected":false},"author":1,"featured_media":0,"parent":0,"menu_order":0,"comment_status":"closed","ping_status":"closed","template":"","meta":{"_acf_changed":false,"footnotes":""},"class_list":["post-5366","page","type-page","status-publish","hentry"],"acf":[],"_links":{"self":[{"href":"https:\/\/hannotomotiv.com\/tr\/wp-json\/wp\/v2\/pages\/5366","targetHints":{"allow":["GET"]}}],"collection":[{"href":"https:\/\/hannotomotiv.com\/tr\/wp-json\/wp\/v2\/pages"}],"about":[{"href":"https:\/\/hannotomotiv.com\/tr\/wp-json\/wp\/v2\/types\/page"}],"author":[{"embeddable":true,"href":"https:\/\/hannotomotiv.com\/tr\/wp-json\/wp\/v2\/users\/1"}],"replies":[{"embeddable":true,"href":"https:\/\/hannotomotiv.com\/tr\/wp-json\/wp\/v2\/comments?post=5366"}],"version-history":[{"count":4,"href":"https:\/\/hannotomotiv.com\/tr\/wp-json\/wp\/v2\/pages\/5366\/revisions"}],"predecessor-version":[{"id":5371,"href":"https:\/\/hannotomotiv.com\/tr\/wp-json\/wp\/v2\/pages\/5366\/revisions\/5371"}],"wp:attachment":[{"href":"https:\/\/hannotomotiv.com\/tr\/wp-json\/wp\/v2\/media?parent=5366"}],"curies":[{"name":"wp","href":"https:\/\/api.w.org\/{rel}","templated":true}]}}