{"id":5265,"date":"2024-03-08T13:34:06","date_gmt":"2024-03-08T13:34:06","guid":{"rendered":"https:\/\/hannotomotiv.com\/our-story\/"},"modified":"2025-06-23T14:26:29","modified_gmt":"2025-06-23T14:26:29","slug":"hikayemiz","status":"publish","type":"page","link":"https:\/\/hannotomotiv.com\/tr\/hikayemiz\/","title":{"rendered":"Hikayemiz"},"content":{"rendered":"\t\t<div data-elementor-type=\"wp-page\" data-elementor-id=\"5265\" class=\"elementor elementor-5265 elementor-423\" data-elementor-post-type=\"page\">\n\t\t\t\t\t\t<section class=\"elementor-section elementor-top-section elementor-element elementor-element-8ebd6d8 elementor-section-boxed elementor-section-height-default elementor-section-height-default wpr-parallax-no\" data-id=\"8ebd6d8\" data-element_type=\"section\" id=\"ourstory\">\n\t\t\t\t\t\t<div class=\"elementor-container elementor-column-gap-default\">\n\t\t\t\t\t<div class=\"elementor-column elementor-col-100 elementor-top-column elementor-element elementor-element-f6e7423\" data-id=\"f6e7423\" data-element_type=\"column\">\n\t\t\t<div class=\"elementor-widget-wrap\">\n\t\t\t\t\t\t\t<\/div>\n\t\t<\/div>\n\t\t\t\t\t<\/div>\n\t\t<\/section>\n\t\t\t\t<section class=\"elementor-section elementor-top-section elementor-element elementor-element-6532b80 elementor-section-content-middle elementor-section-boxed elementor-section-height-default elementor-section-height-default wpr-parallax-no\" data-id=\"6532b80\" data-element_type=\"section\">\n\t\t\t\t\t\t<div class=\"elementor-container elementor-column-gap-no\">\n\t\t\t\t\t<div class=\"elementor-column elementor-col-100 elementor-top-column elementor-element elementor-element-931a613\" data-id=\"931a613\" data-element_type=\"column\">\n\t\t\t<div class=\"elementor-widget-wrap elementor-element-populated\">\n\t\t\t\t\t\t<div class=\"elementor-element elementor-element-8850382 elementor-widget elementor-widget-heading\" data-id=\"8850382\" data-element_type=\"widget\" data-widget_type=\"heading.default\">\n\t\t\t\t<div class=\"elementor-widget-container\">\n\t\t\t\t\t<h2 class=\"elementor-heading-title elementor-size-default\">2013 Y\u0131l\u0131nda Kurulduk<\/h2>\t\t\t\t<\/div>\n\t\t\t\t<\/div>\n\t\t\t\t<div class=\"elementor-element elementor-element-d2c69a3 elementor-widget elementor-widget-spacer\" data-id=\"d2c69a3\" data-element_type=\"widget\" data-widget_type=\"spacer.default\">\n\t\t\t\t<div class=\"elementor-widget-container\">\n\t\t\t\t\t\t\t<div class=\"elementor-spacer\">\n\t\t\t<div class=\"elementor-spacer-inner\"><\/div>\n\t\t<\/div>\n\t\t\t\t\t\t<\/div>\n\t\t\t\t<\/div>\n\t\t\t\t<div class=\"elementor-element elementor-element-98109e5 elementor-widget elementor-widget-heading\" data-id=\"98109e5\" data-element_type=\"widget\" data-widget_type=\"heading.default\">\n\t\t\t\t<div class=\"elementor-widget-container\">\n\t\t\t\t\t<h2 class=\"elementor-heading-title elementor-size-default\">2500 m2 \u00dcretim Merkezi<\/h2>\t\t\t\t<\/div>\n\t\t\t\t<\/div>\n\t\t\t\t<div class=\"elementor-element elementor-element-43e65ba elementor-widget elementor-widget-spacer\" data-id=\"43e65ba\" data-element_type=\"widget\" data-widget_type=\"spacer.default\">\n\t\t\t\t<div class=\"elementor-widget-container\">\n\t\t\t\t\t\t\t<div class=\"elementor-spacer\">\n\t\t\t<div class=\"elementor-spacer-inner\"><\/div>\n\t\t<\/div>\n\t\t\t\t\t\t<\/div>\n\t\t\t\t<\/div>\n\t\t\t\t<div class=\"elementor-element elementor-element-239e406 elementor-widget elementor-widget-heading\" data-id=\"239e406\" data-element_type=\"widget\" data-widget_type=\"heading.default\">\n\t\t\t\t<div class=\"elementor-widget-container\">\n\t\t\t\t\t<h2 class=\"elementor-heading-title elementor-size-default\">400.000 Adet \u00dcretim Kapasitesi<\/h2>\t\t\t\t<\/div>\n\t\t\t\t<\/div>\n\t\t\t\t<div class=\"elementor-element elementor-element-2c8e925 elementor-hidden-mobile elementor-widget elementor-widget-spacer\" data-id=\"2c8e925\" data-element_type=\"widget\" data-widget_type=\"spacer.default\">\n\t\t\t\t<div class=\"elementor-widget-container\">\n\t\t\t\t\t\t\t<div class=\"elementor-spacer\">\n\t\t\t<div class=\"elementor-spacer-inner\"><\/div>\n\t\t<\/div>\n\t\t\t\t\t\t<\/div>\n\t\t\t\t<\/div>\n\t\t\t\t\t<\/div>\n\t\t<\/div>\n\t\t\t\t\t<\/div>\n\t\t<\/section>\n\t\t\t\t<\/div>\n\t\t","protected":false},"excerpt":{"rendered":"<p>2013 Y\u0131l\u0131nda Kurulduk 2500 m2 \u00dcretim Merkezi 400.000 Adet \u00dcretim Kapasitesi<\/p>\n","protected":false},"author":1,"featured_media":0,"parent":0,"menu_order":0,"comment_status":"closed","ping_status":"closed","template":"","meta":{"_acf_changed":false,"footnotes":""},"class_list":["post-5265","page","type-page","status-publish","hentry"],"acf":[],"_links":{"self":[{"href":"https:\/\/hannotomotiv.com\/tr\/wp-json\/wp\/v2\/pages\/5265","targetHints":{"allow":["GET"]}}],"collection":[{"href":"https:\/\/hannotomotiv.com\/tr\/wp-json\/wp\/v2\/pages"}],"about":[{"href":"https:\/\/hannotomotiv.com\/tr\/wp-json\/wp\/v2\/types\/page"}],"author":[{"embeddable":true,"href":"https:\/\/hannotomotiv.com\/tr\/wp-json\/wp\/v2\/users\/1"}],"replies":[{"embeddable":true,"href":"https:\/\/hannotomotiv.com\/tr\/wp-json\/wp\/v2\/comments?post=5265"}],"version-history":[{"count":8,"href":"https:\/\/hannotomotiv.com\/tr\/wp-json\/wp\/v2\/pages\/5265\/revisions"}],"predecessor-version":[{"id":5516,"href":"https:\/\/hannotomotiv.com\/tr\/wp-json\/wp\/v2\/pages\/5265\/revisions\/5516"}],"wp:attachment":[{"href":"https:\/\/hannotomotiv.com\/tr\/wp-json\/wp\/v2\/media?parent=5265"}],"curies":[{"name":"wp","href":"https:\/\/api.w.org\/{rel}","templated":true}]}}